{"id":237,"date":"2019-10-24T18:11:34","date_gmt":"2019-10-24T18:11:34","guid":{"rendered":"https:\/\/rar.taborniki.si\/?page_id=237"},"modified":"2019-10-24T20:43:51","modified_gmt":"2019-10-24T20:43:51","slug":"uporabno","status":"publish","type":"page","link":"https:\/\/rar.taborniki.si\/index.php\/uporabno\/","title":{"rendered":"Uporabno"},"content":{"rendered":"\t\t<div data-elementor-type=\"wp-page\" data-elementor-id=\"237\" class=\"elementor elementor-237\">\n\t\t\t\t\t\t<section class=\"elementor-section elementor-top-section elementor-element elementor-element-eb447dc elementor-section-boxed elementor-section-height-default elementor-section-height-default\" data-id=\"eb447dc\" data-element_type=\"section\">\n\t\t\t\t\t\t<div class=\"elementor-container elementor-column-gap-default\">\n\t\t\t\t\t<div class=\"elementor-column elementor-col-66 elementor-top-column elementor-element elementor-element-c37fc53\" data-id=\"c37fc53\" data-element_type=\"column\">\n\t\t\t<div class=\"elementor-widget-wrap elementor-element-populated\">\n\t\t\t\t\t\t<div class=\"elementor-element elementor-element-b514437 elementor-invisible elementor-widget elementor-widget-heading\" data-id=\"b514437\" data-element_type=\"widget\" data-settings=\"{&quot;_animation&quot;:&quot;fadeInLeft&quot;}\" data-widget_type=\"heading.default\">\n\t\t\t\t<div class=\"elementor-widget-container\">\n\t\t\t<h4 class=\"elementor-heading-title elementor-size-xl\">Ilustracije - naloge za M\u010cke<\/h4>\t\t<\/div>\n\t\t\t\t<\/div>\n\t\t\t\t\t<\/div>\n\t\t<\/div>\n\t\t\t\t<div class=\"elementor-column elementor-col-33 elementor-top-column elementor-element elementor-element-c9e282a\" data-id=\"c9e282a\" data-element_type=\"column\">\n\t\t\t<div class=\"elementor-widget-wrap elementor-element-populated\">\n\t\t\t\t\t\t<div class=\"elementor-element elementor-element-0ce5f7f elementor-view-default elementor-invisible elementor-widget elementor-widget-icon\" data-id=\"0ce5f7f\" data-element_type=\"widget\" data-settings=\"{&quot;_animation&quot;:&quot;fadeIn&quot;}\" data-widget_type=\"icon.default\">\n\t\t\t\t<div class=\"elementor-widget-container\">\n\t\t\t\t\t<div class=\"elementor-icon-wrapper\">\n\t\t\t<a class=\"elementor-icon\" href=\"https:\/\/drive.google.com\/drive\/folders\/1_Z8iygQ6Ilojz9a1kcgBBaiPcFfzxZpK\">\n\t\t\t<i aria-hidden=\"true\" class=\"fab fa-google-drive\"><\/i>\t\t\t<\/a>\n\t\t<\/div>\n\t\t\t\t<\/div>\n\t\t\t\t<\/div>\n\t\t\t\t\t<\/div>\n\t\t<\/div>\n\t\t\t\t\t<\/div>\n\t\t<\/section>\n\t\t\t\t<section class=\"elementor-section elementor-top-section elementor-element elementor-element-e3e1afe elementor-section-boxed elementor-section-height-default elementor-section-height-default\" data-id=\"e3e1afe\" data-element_type=\"section\">\n\t\t\t\t\t\t<div class=\"elementor-container elementor-column-gap-default\">\n\t\t\t\t\t<div class=\"elementor-column elementor-col-66 elementor-top-column elementor-element elementor-element-dcd645f\" data-id=\"dcd645f\" data-element_type=\"column\">\n\t\t\t<div class=\"elementor-widget-wrap elementor-element-populated\">\n\t\t\t\t\t\t<div class=\"elementor-element elementor-element-121852b elementor-invisible elementor-widget elementor-widget-heading\" data-id=\"121852b\" data-element_type=\"widget\" data-settings=\"{&quot;_animation&quot;:&quot;fadeInLeft&quot;,&quot;_animation_delay&quot;:200}\" data-widget_type=\"heading.default\">\n\t\t\t\t<div class=\"elementor-widget-container\">\n\t\t\t<h2 class=\"elementor-heading-title elementor-size-xl\">Orientacija in vse povezano z njo<\/h2>\t\t<\/div>\n\t\t\t\t<\/div>\n\t\t\t\t\t<\/div>\n\t\t<\/div>\n\t\t\t\t<div class=\"elementor-column elementor-col-33 elementor-top-column elementor-element elementor-element-cbb84ff\" data-id=\"cbb84ff\" data-element_type=\"column\">\n\t\t\t<div class=\"elementor-widget-wrap elementor-element-populated\">\n\t\t\t\t\t\t<div class=\"elementor-element elementor-element-a60d01b elementor-view-default elementor-invisible elementor-widget elementor-widget-icon\" data-id=\"a60d01b\" data-element_type=\"widget\" data-settings=\"{&quot;_animation&quot;:&quot;fadeIn&quot;,&quot;_animation_delay&quot;:200}\" data-widget_type=\"icon.default\">\n\t\t\t\t<div class=\"elementor-widget-container\">\n\t\t\t\t\t<div class=\"elementor-icon-wrapper\">\n\t\t\t<a class=\"elementor-icon\" href=\"https:\/\/drive.google.com\/open?id=0B7PIyhqqWVQKZTMwV0JXUHh5TDQ\">\n\t\t\t<i aria-hidden=\"true\" class=\"fab fa-google-drive\"><\/i>\t\t\t<\/a>\n\t\t<\/div>\n\t\t\t\t<\/div>\n\t\t\t\t<\/div>\n\t\t\t\t\t<\/div>\n\t\t<\/div>\n\t\t\t\t\t<\/div>\n\t\t<\/section>\n\t\t\t\t<section class=\"elementor-section elementor-top-section elementor-element elementor-element-d142bd0 elementor-section-boxed elementor-section-height-default elementor-section-height-default\" data-id=\"d142bd0\" data-element_type=\"section\">\n\t\t\t\t\t\t<div class=\"elementor-container elementor-column-gap-default\">\n\t\t\t\t\t<div class=\"elementor-column elementor-col-66 elementor-top-column elementor-element elementor-element-55e282f\" data-id=\"55e282f\" data-element_type=\"column\">\n\t\t\t<div class=\"elementor-widget-wrap elementor-element-populated\">\n\t\t\t\t\t\t<div class=\"elementor-element elementor-element-76e277a elementor-invisible elementor-widget elementor-widget-heading\" data-id=\"76e277a\" data-element_type=\"widget\" data-settings=\"{&quot;_animation&quot;:&quot;fadeInLeft&quot;,&quot;_animation_delay&quot;:400}\" data-widget_type=\"heading.default\">\n\t\t\t\t<div class=\"elementor-widget-container\">\n\t\t\t<h2 class=\"elementor-heading-title elementor-size-xl\">Pionirstvo<\/h2>\t\t<\/div>\n\t\t\t\t<\/div>\n\t\t\t\t\t<\/div>\n\t\t<\/div>\n\t\t\t\t<div class=\"elementor-column elementor-col-33 elementor-top-column elementor-element elementor-element-049eff6\" data-id=\"049eff6\" data-element_type=\"column\">\n\t\t\t<div class=\"elementor-widget-wrap elementor-element-populated\">\n\t\t\t\t\t\t<div class=\"elementor-element elementor-element-bf4abc8 elementor-view-default elementor-invisible elementor-widget elementor-widget-icon\" data-id=\"bf4abc8\" data-element_type=\"widget\" data-settings=\"{&quot;_animation&quot;:&quot;fadeIn&quot;,&quot;_animation_delay&quot;:400}\" data-widget_type=\"icon.default\">\n\t\t\t\t<div class=\"elementor-widget-container\">\n\t\t\t\t\t<div class=\"elementor-icon-wrapper\">\n\t\t\t<a class=\"elementor-icon\" href=\"https:\/\/drive.google.com\/open?id=0B7PIyhqqWVQKNzJpNER0WGY1d1U\">\n\t\t\t<i aria-hidden=\"true\" class=\"fab fa-google-drive\"><\/i>\t\t\t<\/a>\n\t\t<\/div>\n\t\t\t\t<\/div>\n\t\t\t\t<\/div>\n\t\t\t\t\t<\/div>\n\t\t<\/div>\n\t\t\t\t\t<\/div>\n\t\t<\/section>\n\t\t\t\t<section class=\"elementor-section elementor-top-section elementor-element elementor-element-f0dcd70 elementor-section-boxed elementor-section-height-default elementor-section-height-default\" data-id=\"f0dcd70\" data-element_type=\"section\">\n\t\t\t\t\t\t<div class=\"elementor-container elementor-column-gap-default\">\n\t\t\t\t\t<div class=\"elementor-column elementor-col-66 elementor-top-column elementor-element elementor-element-1b4ab19\" data-id=\"1b4ab19\" data-element_type=\"column\">\n\t\t\t<div class=\"elementor-widget-wrap elementor-element-populated\">\n\t\t\t\t\t\t<div class=\"elementor-element elementor-element-5b19387 elementor-invisible elementor-widget elementor-widget-heading\" data-id=\"5b19387\" data-element_type=\"widget\" data-settings=\"{&quot;_animation&quot;:&quot;fadeInLeft&quot;,&quot;_animation_delay&quot;:600}\" data-widget_type=\"heading.default\">\n\t\t\t\t<div class=\"elementor-widget-container\">\n\t\t\t<h2 class=\"elementor-heading-title elementor-size-xl\">Signalizacija<\/h2>\t\t<\/div>\n\t\t\t\t<\/div>\n\t\t\t\t\t<\/div>\n\t\t<\/div>\n\t\t\t\t<div class=\"elementor-column elementor-col-33 elementor-top-column elementor-element elementor-element-6b58e94\" data-id=\"6b58e94\" data-element_type=\"column\">\n\t\t\t<div class=\"elementor-widget-wrap elementor-element-populated\">\n\t\t\t\t\t\t<div class=\"elementor-element elementor-element-00e7046 elementor-view-default elementor-invisible elementor-widget elementor-widget-icon\" data-id=\"00e7046\" data-element_type=\"widget\" data-settings=\"{&quot;_animation&quot;:&quot;fadeIn&quot;,&quot;_animation_delay&quot;:600}\" data-widget_type=\"icon.default\">\n\t\t\t\t<div class=\"elementor-widget-container\">\n\t\t\t\t\t<div class=\"elementor-icon-wrapper\">\n\t\t\t<a class=\"elementor-icon\" href=\"https:\/\/drive.google.com\/open?id=0B7PIyhqqWVQKTEF2SDlidlVtWVk\">\n\t\t\t<i aria-hidden=\"true\" class=\"fab fa-google-drive\"><\/i>\t\t\t<\/a>\n\t\t<\/div>\n\t\t\t\t<\/div>\n\t\t\t\t<\/div>\n\t\t\t\t\t<\/div>\n\t\t<\/div>\n\t\t\t\t\t<\/div>\n\t\t<\/section>\n\t\t\t\t<section class=\"elementor-section elementor-top-section elementor-element elementor-element-fbf07c2 elementor-section-boxed elementor-section-height-default elementor-section-height-default\" data-id=\"fbf07c2\" data-element_type=\"section\">\n\t\t\t\t\t\t<div class=\"elementor-container elementor-column-gap-default\">\n\t\t\t\t\t<div class=\"elementor-column elementor-col-66 elementor-top-column elementor-element elementor-element-1b24310\" data-id=\"1b24310\" data-element_type=\"column\">\n\t\t\t<div class=\"elementor-widget-wrap elementor-element-populated\">\n\t\t\t\t\t\t<div class=\"elementor-element elementor-element-aa0da90 elementor-invisible elementor-widget elementor-widget-heading\" data-id=\"aa0da90\" data-element_type=\"widget\" data-settings=\"{&quot;_animation&quot;:&quot;fadeInLeft&quot;,&quot;_animation_delay&quot;:800}\" data-widget_type=\"heading.default\">\n\t\t\t\t<div class=\"elementor-widget-container\">\n\t\t\t<h2 class=\"elementor-heading-title elementor-size-xl\">Ve\u0161\u010dine<\/h2>\t\t<\/div>\n\t\t\t\t<\/div>\n\t\t\t\t\t<\/div>\n\t\t<\/div>\n\t\t\t\t<div class=\"elementor-column elementor-col-33 elementor-top-column elementor-element elementor-element-f5a3de3\" data-id=\"f5a3de3\" data-element_type=\"column\">\n\t\t\t<div class=\"elementor-widget-wrap elementor-element-populated\">\n\t\t\t\t\t\t<div class=\"elementor-element elementor-element-7ad5f48 elementor-view-default elementor-invisible elementor-widget elementor-widget-icon\" data-id=\"7ad5f48\" data-element_type=\"widget\" data-settings=\"{&quot;_animation&quot;:&quot;fadeIn&quot;,&quot;_animation_delay&quot;:800}\" data-widget_type=\"icon.default\">\n\t\t\t\t<div class=\"elementor-widget-container\">\n\t\t\t\t\t<div class=\"elementor-icon-wrapper\">\n\t\t\t<a class=\"elementor-icon\" href=\"https:\/\/drive.google.com\/open?id=0B7PIyhqqWVQKcTZfV3gtT04waXM\">\n\t\t\t<i aria-hidden=\"true\" class=\"fab fa-google-drive\"><\/i>\t\t\t<\/a>\n\t\t<\/div>\n\t\t\t\t<\/div>\n\t\t\t\t<\/div>\n\t\t\t\t\t<\/div>\n\t\t<\/div>\n\t\t\t\t\t<\/div>\n\t\t<\/section>\n\t\t\t\t<\/div>\n\t\t","protected":false},"excerpt":{"rendered":"<p>Ilustracije &#8211; naloge za M\u010cke Orientacija in vse povezano z njo Pionirstvo Signalizacija Ve\u0161\u010dine<\/p>\n","protected":false},"author":1,"featured_media":0,"parent":0,"menu_order":0,"comment_status":"closed","ping_status":"closed","template":"","meta":{"om_disable_all_campaigns":false,"_monsterinsights_skip_tracking":false,"_monsterinsights_sitenote_active":false,"_monsterinsights_sitenote_note":"","_monsterinsights_sitenote_category":0,"footnotes":""},"yoast_head":"<!-- This site is optimized with the Yoast SEO plugin v23.0 - https:\/\/yoast.com\/wordpress\/plugins\/seo\/ -->\n<title>Uporabno - Ra\u0161i\u0161ki Rod<\/title>\n<meta name=\"robots\" content=\"index, follow, max-snippet:-1, max-image-preview:large, max-video-preview:-1\" \/>\n<link rel=\"canonical\" href=\"https:\/\/rar.taborniki.si\/index.php\/uporabno\/\" \/>\n<meta property=\"og:locale\" content=\"en_US\" \/>\n<meta property=\"og:type\" content=\"article\" \/>\n<meta property=\"og:title\" content=\"Uporabno - Ra\u0161i\u0161ki Rod\" \/>\n<meta property=\"og:description\" content=\"Ilustracije &#8211; naloge za M\u010cke Orientacija in vse povezano z njo Pionirstvo Signalizacija Ve\u0161\u010dine\" \/>\n<meta property=\"og:url\" content=\"https:\/\/rar.taborniki.si\/index.php\/uporabno\/\" \/>\n<meta property=\"og:site_name\" content=\"Ra\u0161i\u0161ki Rod\" \/>\n<meta property=\"article:modified_time\" content=\"2019-10-24T20:43:51+00:00\" \/>\n<meta name=\"twitter:card\" content=\"summary_large_image\" \/>\n<script type=\"application\/ld+json\" class=\"yoast-schema-graph\">{\"@context\":\"https:\/\/schema.org\",\"@graph\":[{\"@type\":\"WebPage\",\"@id\":\"https:\/\/rar.taborniki.si\/index.php\/uporabno\/\",\"url\":\"https:\/\/rar.taborniki.si\/index.php\/uporabno\/\",\"name\":\"Uporabno - Ra\u0161i\u0161ki Rod\",\"isPartOf\":{\"@id\":\"https:\/\/rar.taborniki.si\/#website\"},\"datePublished\":\"2019-10-24T18:11:34+00:00\",\"dateModified\":\"2019-10-24T20:43:51+00:00\",\"breadcrumb\":{\"@id\":\"https:\/\/rar.taborniki.si\/index.php\/uporabno\/#breadcrumb\"},\"inLanguage\":\"en-US\",\"potentialAction\":[{\"@type\":\"ReadAction\",\"target\":[\"https:\/\/rar.taborniki.si\/index.php\/uporabno\/\"]}]},{\"@type\":\"BreadcrumbList\",\"@id\":\"https:\/\/rar.taborniki.si\/index.php\/uporabno\/#breadcrumb\",\"itemListElement\":[{\"@type\":\"ListItem\",\"position\":1,\"name\":\"Home\",\"item\":\"https:\/\/rar.taborniki.si\/\"},{\"@type\":\"ListItem\",\"position\":2,\"name\":\"Uporabno\"}]},{\"@type\":\"WebSite\",\"@id\":\"https:\/\/rar.taborniki.si\/#website\",\"url\":\"https:\/\/rar.taborniki.si\/\",\"name\":\"Ra\u0161i\u0161ki Rod\",\"description\":\"Uradna stran ra\u0161i\u0161kega rodu\",\"publisher\":{\"@id\":\"https:\/\/rar.taborniki.si\/#organization\"},\"potentialAction\":[{\"@type\":\"SearchAction\",\"target\":{\"@type\":\"EntryPoint\",\"urlTemplate\":\"https:\/\/rar.taborniki.si\/?s={search_term_string}\"},\"query-input\":\"required name=search_term_string\"}],\"inLanguage\":\"en-US\"},{\"@type\":\"Organization\",\"@id\":\"https:\/\/rar.taborniki.si\/#organization\",\"name\":\"Dru\u0161tvo tabornikov Ra\u0161i\u0161ki rod\",\"url\":\"https:\/\/rar.taborniki.si\/\",\"logo\":{\"@type\":\"ImageObject\",\"inLanguage\":\"en-US\",\"@id\":\"https:\/\/rar.taborniki.si\/#\/schema\/logo\/image\/\",\"url\":\"https:\/\/i0.wp.com\/rar.taborniki.si\/wp-content\/uploads\/2019\/10\/RaR_logo_new2-e1570213573295-1.png?fit=100%2C101&ssl=1\",\"contentUrl\":\"https:\/\/i0.wp.com\/rar.taborniki.si\/wp-content\/uploads\/2019\/10\/RaR_logo_new2-e1570213573295-1.png?fit=100%2C101&ssl=1\",\"width\":100,\"height\":101,\"caption\":\"Dru\u0161tvo tabornikov Ra\u0161i\u0161ki rod\"},\"image\":{\"@id\":\"https:\/\/rar.taborniki.si\/#\/schema\/logo\/image\/\"}}]}<\/script>\n<!-- \/ Yoast SEO plugin. -->","yoast_head_json":{"title":"Uporabno - Ra\u0161i\u0161ki Rod","robots":{"index":"index","follow":"follow","max-snippet":"max-snippet:-1","max-image-preview":"max-image-preview:large","max-video-preview":"max-video-preview:-1"},"canonical":"https:\/\/rar.taborniki.si\/index.php\/uporabno\/","og_locale":"en_US","og_type":"article","og_title":"Uporabno - Ra\u0161i\u0161ki Rod","og_description":"Ilustracije &#8211; naloge za M\u010cke Orientacija in vse povezano z njo Pionirstvo Signalizacija Ve\u0161\u010dine","og_url":"https:\/\/rar.taborniki.si\/index.php\/uporabno\/","og_site_name":"Ra\u0161i\u0161ki Rod","article_modified_time":"2019-10-24T20:43:51+00:00","twitter_card":"summary_large_image","schema":{"@context":"https:\/\/schema.org","@graph":[{"@type":"WebPage","@id":"https:\/\/rar.taborniki.si\/index.php\/uporabno\/","url":"https:\/\/rar.taborniki.si\/index.php\/uporabno\/","name":"Uporabno - Ra\u0161i\u0161ki Rod","isPartOf":{"@id":"https:\/\/rar.taborniki.si\/#website"},"datePublished":"2019-10-24T18:11:34+00:00","dateModified":"2019-10-24T20:43:51+00:00","breadcrumb":{"@id":"https:\/\/rar.taborniki.si\/index.php\/uporabno\/#breadcrumb"},"inLanguage":"en-US","potentialAction":[{"@type":"ReadAction","target":["https:\/\/rar.taborniki.si\/index.php\/uporabno\/"]}]},{"@type":"BreadcrumbList","@id":"https:\/\/rar.taborniki.si\/index.php\/uporabno\/#breadcrumb","itemListElement":[{"@type":"ListItem","position":1,"name":"Home","item":"https:\/\/rar.taborniki.si\/"},{"@type":"ListItem","position":2,"name":"Uporabno"}]},{"@type":"WebSite","@id":"https:\/\/rar.taborniki.si\/#website","url":"https:\/\/rar.taborniki.si\/","name":"Ra\u0161i\u0161ki Rod","description":"Uradna stran ra\u0161i\u0161kega rodu","publisher":{"@id":"https:\/\/rar.taborniki.si\/#organization"},"potentialAction":[{"@type":"SearchAction","target":{"@type":"EntryPoint","urlTemplate":"https:\/\/rar.taborniki.si\/?s={search_term_string}"},"query-input":"required name=search_term_string"}],"inLanguage":"en-US"},{"@type":"Organization","@id":"https:\/\/rar.taborniki.si\/#organization","name":"Dru\u0161tvo tabornikov Ra\u0161i\u0161ki rod","url":"https:\/\/rar.taborniki.si\/","logo":{"@type":"ImageObject","inLanguage":"en-US","@id":"https:\/\/rar.taborniki.si\/#\/schema\/logo\/image\/","url":"https:\/\/i0.wp.com\/rar.taborniki.si\/wp-content\/uploads\/2019\/10\/RaR_logo_new2-e1570213573295-1.png?fit=100%2C101&ssl=1","contentUrl":"https:\/\/i0.wp.com\/rar.taborniki.si\/wp-content\/uploads\/2019\/10\/RaR_logo_new2-e1570213573295-1.png?fit=100%2C101&ssl=1","width":100,"height":101,"caption":"Dru\u0161tvo tabornikov Ra\u0161i\u0161ki rod"},"image":{"@id":"https:\/\/rar.taborniki.si\/#\/schema\/logo\/image\/"}}]}},"jetpack_sharing_enabled":true,"_links":{"self":[{"href":"https:\/\/rar.taborniki.si\/index.php\/wp-json\/wp\/v2\/pages\/237"}],"collection":[{"href":"https:\/\/rar.taborniki.si\/index.php\/wp-json\/wp\/v2\/pages"}],"about":[{"href":"https:\/\/rar.taborniki.si\/index.php\/wp-json\/wp\/v2\/types\/page"}],"author":[{"embeddable":true,"href":"https:\/\/rar.taborniki.si\/index.php\/wp-json\/wp\/v2\/users\/1"}],"replies":[{"embeddable":true,"href":"https:\/\/rar.taborniki.si\/index.php\/wp-json\/wp\/v2\/comments?post=237"}],"version-history":[{"count":7,"href":"https:\/\/rar.taborniki.si\/index.php\/wp-json\/wp\/v2\/pages\/237\/revisions"}],"predecessor-version":[{"id":285,"href":"https:\/\/rar.taborniki.si\/index.php\/wp-json\/wp\/v2\/pages\/237\/revisions\/285"}],"wp:attachment":[{"href":"https:\/\/rar.taborniki.si\/index.php\/wp-json\/wp\/v2\/media?parent=237"}],"curies":[{"name":"wp","href":"https:\/\/api.w.org\/{rel}","templated":true}]}}